{"id":61,"date":"2018-08-23T17:43:33","date_gmt":"2018-08-23T15:43:33","guid":{"rendered":"http:\/\/sq7fgt.pzk.pl\/?page_id=61"},"modified":"2018-09-12T19:59:37","modified_gmt":"2018-09-12T17:59:37","slug":"podstawowe-pojecia","status":"publish","type":"page","link":"https:\/\/sq7fgt.pzk.pl\/index.php\/podstawowe-pojecia\/","title":{"rendered":"Podstawowe poj\u0119cia"},"content":{"rendered":"<p><strong>Kr\u00f3tkofalarstwo<\/strong> &#8211; hobby, w kt\u00f3rym robimy \u0142\u0105czno\u015bci mi\u0119dzy nami kolegami pos\u0142uguj\u0105c si\u0119 znakami np. SP7ABC<\/p>\n<p><strong>Pasmo<\/strong> &#8211; zbi\u00f3r cz\u0119stotliwo\u015bci zgromadzony w jednym miejscu umo\u017cliwiaj\u0105ce \u0142\u0105czno\u015bci<\/p>\n<p><strong>Antena <\/strong>&#8211; s\u0142u\u017cy do odbioru r\u00f3\u017cnych stacji radiowych. Potrzebna jest do dzia\u0142ania radiostacji.<\/p>\n<p><strong>Odbiornik<\/strong> &#8211; urz\u0105dzenie przetwarzaj\u0105ce to co &#8222;zbiera&#8221; antena<\/p>\n<p><strong>Transceiver<\/strong> &#8211; urz\u0105dzenie, na kt\u00f3rym mo\u017cna nadawa\u0107 w eter i odbiera\u0107 to co si\u0119 dzieje w danej chwili<\/p>\n<p><strong>Satelita <\/strong>&#8211; to taki satelita s\u0142u\u017c\u0105cy do przesy\u0142ania r\u00f3\u017cnorakich danych, r\u00f3wnie\u017c i do kr\u00f3tkofalarstwa te\u017c takie s\u0142u\u017c\u0105<\/p>\n<p><strong>Radiotelefon <\/strong>&#8211; radio r\u0119czne (zazwyczaj na UKF), kt\u00f3re mo\u017cna przenosi\u0107 do wielu miejsc niezale\u017cnie gdzie. Ma\u0142a waga oraz niewielka antena s\u0142u\u017cy do natychmiastowego kontaktu z kolegami, kt\u00f3rzy w danym czasie maj\u0105 w\u0142\u0105czone radia.<\/p>\n","protected":false},"excerpt":{"rendered":"<p>Kr\u00f3tkofalarstwo &#8211; hobby, w kt\u00f3rym robimy \u0142\u0105czno\u015bci mi\u0119dzy nami kolegami pos\u0142uguj\u0105c si\u0119 znakami np. SP7ABC Pasmo &#8211; zbi\u00f3r cz\u0119stotliwo\u015bci zgromadzony w jednym miejscu umo\u017cliwiaj\u0105ce \u0142\u0105czno\u015bci Antena &#8211; s\u0142u\u017cy do odbioru r\u00f3\u017cnych stacji radiowych. Potrzebna jest do dzia\u0142ania radiostacji. Odbiornik &#8211; urz\u0105dzenie przetwarzaj\u0105ce to co &#8222;zbiera&#8221; antena Transceiver &#8211; urz\u0105dzenie, na kt\u00f3rym mo\u017cna nadawa\u0107 w eter &hellip;<\/p>\n","protected":false},"author":1,"featured_media":0,"parent":0,"menu_order":0,"comment_status":"closed","ping_status":"closed","template":"","meta":{"footnotes":""},"_links":{"self":[{"href":"https:\/\/sq7fgt.pzk.pl\/index.php\/wp-json\/wp\/v2\/pages\/61"}],"collection":[{"href":"https:\/\/sq7fgt.pzk.pl\/index.php\/wp-json\/wp\/v2\/pages"}],"about":[{"href":"https:\/\/sq7fgt.pzk.pl\/index.php\/wp-json\/wp\/v2\/types\/page"}],"author":[{"embeddable":true,"href":"https:\/\/sq7fgt.pzk.pl\/index.php\/wp-json\/wp\/v2\/users\/1"}],"replies":[{"embeddable":true,"href":"https:\/\/sq7fgt.pzk.pl\/index.php\/wp-json\/wp\/v2\/comments?post=61"}],"version-history":[{"count":3,"href":"https:\/\/sq7fgt.pzk.pl\/index.php\/wp-json\/wp\/v2\/pages\/61\/revisions"}],"predecessor-version":[{"id":109,"href":"https:\/\/sq7fgt.pzk.pl\/index.php\/wp-json\/wp\/v2\/pages\/61\/revisions\/109"}],"wp:attachment":[{"href":"https:\/\/sq7fgt.pzk.pl\/index.php\/wp-json\/wp\/v2\/media?parent=61"}],"curies":[{"name":"wp","href":"https:\/\/api.w.org\/{rel}","templated":true}]}}