{"id":66,"date":"2018-08-23T17:48:23","date_gmt":"2018-08-23T15:48:23","guid":{"rendered":"http:\/\/sq7fgt.pzk.pl\/?page_id=66"},"modified":"2020-09-30T17:06:48","modified_gmt":"2020-09-30T15:06:48","slug":"urzadzenia-radiowe","status":"publish","type":"page","link":"https:\/\/sq7fgt.pzk.pl\/index.php\/urzadzenia-radiowe\/","title":{"rendered":"Radioshack"},"content":{"rendered":"<p>M\u00f3j sprz\u0119t radioamatorski, jak i potrzebna infrastruktura stale rozbudowuje si\u0119 dla wielu potrzeb nie tylko kr\u00f3tkofalarskich, ale te\u017c i bezpiecze\u0144stwa domownik\u00f3w.<\/p>\n<p>Zacznijmy od urz\u0105dze\u0144:<\/p>\n<p><strong>INTEK KT-960 PLUS &#8211; <\/strong>pierwsze radio amatorskie, dzi\u0119ki kt\u00f3rym robi\u0142em pierwsze nas\u0142uchy kr\u00f3tkofalarskie, pierwsze \u0142\u0105czno\u015bci oraz pierwsze odbiory satelit\u00f3w amatorskich.<\/p>\n<p><strong>YAESU FT-897<\/strong> &#8211; to jest kombajn z prawdziwego zdarzenia. Odbiera on od 100 kHz\u00a0 a\u017c do 470 MHz (sic !). Mo\u017cna robi\u0107 <strong>baaaaaaaaaardzo <\/strong>dalekie \u0142\u0105czno\u015bci.<\/p>\n<p><strong>SKRZYNKA ANTENOWA\u00a0<\/strong>&#8211; s\u0142u\u017cy do strojenia Long Wire&#8217;a na r\u00f3\u017cne pasma KF.<\/p>\n<p><strong>ROTOR HY-GAIN AR-500 &#8211;\u00a0<\/strong>kr\u0119ci antenami kierunkowymi czasami wykonuj\u0105c pe\u0142ny obr\u00f3t. Mimo, \u017ce ma swe fochy w postaci braku zapanowania nad sterowaniem, to zawsze jest po zako\u0144czeniu pracy skalibrowany.<\/p>\n<p><strong>STEROWNIK ANTEN &#8211;\u00a0<\/strong>wykonana skrzynka s\u0142u\u017c\u0105ca do prze\u0142\u0105czania anten w celu, aby podczas robienia \u0142\u0105czno\u015bci dzia\u0142a\u0142a jedna z anten, a nie kilka jednocze\u015bnie.<\/p>\n<p>Moje anteny:<\/p>\n<p><strong>PA\u0141KA KOLEJOWA &#8211; <\/strong>pierwsza antena, dzi\u0119ki kt\u00f3rej s\u0142ucha\u0142em i robi\u0142em \u0142\u0105czno\u015bci na 145 MHz oraz pr\u00f3bnie na 70 cm.<\/p>\n<p><strong>ANTENA TV Z SYMETRYZATOREM &#8211; <\/strong>dzi\u0119ki niej robi\u0142em \u0142\u0105czno\u015bci na 70 cm, w tym na FM-Linku.<\/p>\n<p><strong>LONG WIRE &#8211; <\/strong>antena, kt\u00f3ra jest wykorzystywana na wszelkie fale kr\u00f3tkie. 41,5 m kabla ci\u0105gnie si\u0119 od domu po drzewa.<\/p>\n<p><strong>DIAMOND X-300 &#8211; <\/strong>zast\u0105pi\u0142 dotychczasowe anteny na 2 m i na 70 cm.<\/p>\n<p><strong>ANTENA 3 ELEMENTY WG ON6MU &#8211; <\/strong>s\u0142u\u017cy do odbioru stacji w pa\u015bmie 6 m w czasie odbi\u0107 jonosferycznych lub rzadko troposferycznych.<\/p>\n<p><strong>YAGI 9 ELEMENT\u00d3W WG SP6LB &#8211;\u00a0<\/strong>uzupe\u0142nia pasmo 2 m stanowi\u0105c atrakcj\u0119 tego pasma. S\u0142u\u017cy g\u0142\u00f3wnie do \u0142\u0105czno\u015bci troposferycznych, odbi\u0107 meteor\u00f3w oraz do zawod\u00f3w w celu zrobienia DX\u00f3w na ca\u0142\u0105 Europ\u0119.<\/p>\n<p><strong>YAGI 12 ELEMENT\u00d3W WG SP6LB &#8211;\u00a0<\/strong>uzupe\u0142nia pasmo 70 cm. Chocia\u017c pasmo chodzi gorzej, bo cz\u0119stotliwo\u015b\u0107 jest ponad 3 razy wy\u017csza od 144 MHz, to czasami podczas silnego duktu mo\u017cna co\u015b zrobi\u0107, ale niewielu ma anteny w polaryzacji poziomej na to pasmo.<\/p>\n","protected":false},"excerpt":{"rendered":"<p>M\u00f3j sprz\u0119t radioamatorski, jak i potrzebna infrastruktura stale rozbudowuje si\u0119 dla wielu potrzeb nie tylko kr\u00f3tkofalarskich, ale te\u017c i bezpiecze\u0144stwa domownik\u00f3w. Zacznijmy od urz\u0105dze\u0144: INTEK KT-960 PLUS &#8211; pierwsze radio amatorskie, dzi\u0119ki kt\u00f3rym robi\u0142em pierwsze nas\u0142uchy kr\u00f3tkofalarskie, pierwsze \u0142\u0105czno\u015bci oraz pierwsze odbiory satelit\u00f3w amatorskich. YAESU FT-897 &#8211; to jest kombajn z prawdziwego zdarzenia. Odbiera on &hellip;<\/p>\n","protected":false},"author":1,"featured_media":0,"parent":0,"menu_order":0,"comment_status":"closed","ping_status":"closed","template":"","meta":{"footnotes":""},"_links":{"self":[{"href":"https:\/\/sq7fgt.pzk.pl\/index.php\/wp-json\/wp\/v2\/pages\/66"}],"collection":[{"href":"https:\/\/sq7fgt.pzk.pl\/index.php\/wp-json\/wp\/v2\/pages"}],"about":[{"href":"https:\/\/sq7fgt.pzk.pl\/index.php\/wp-json\/wp\/v2\/types\/page"}],"author":[{"embeddable":true,"href":"https:\/\/sq7fgt.pzk.pl\/index.php\/wp-json\/wp\/v2\/users\/1"}],"replies":[{"embeddable":true,"href":"https:\/\/sq7fgt.pzk.pl\/index.php\/wp-json\/wp\/v2\/comments?post=66"}],"version-history":[{"count":14,"href":"https:\/\/sq7fgt.pzk.pl\/index.php\/wp-json\/wp\/v2\/pages\/66\/revisions"}],"predecessor-version":[{"id":588,"href":"https:\/\/sq7fgt.pzk.pl\/index.php\/wp-json\/wp\/v2\/pages\/66\/revisions\/588"}],"wp:attachment":[{"href":"https:\/\/sq7fgt.pzk.pl\/index.php\/wp-json\/wp\/v2\/media?parent=66"}],"curies":[{"name":"wp","href":"https:\/\/api.w.org\/{rel}","templated":true}]}}