{"id":7,"date":"2018-08-20T22:20:17","date_gmt":"2018-08-20T20:20:17","guid":{"rendered":"http:\/\/sq7fgt.pzk.pl\/?page_id=7"},"modified":"2018-12-13T16:15:23","modified_gmt":"2018-12-13T15:15:23","slug":"o-nas","status":"publish","type":"page","link":"https:\/\/sq7fgt.pzk.pl\/index.php\/o-nas\/","title":{"rendered":"O mnie"},"content":{"rendered":"<p>Witam, tu SQ7FGT, operator stacji Kamil, QTH, czyli miejsce nadawania <strong>Rykoszyn<\/strong> &#8211; miejscowo\u015b\u0107 znajduj\u0105ca si\u0119 pod Kielcami w woj. \u015bwi\u0119tokrzyskim.<\/p>\n<p>Jestem m\u0142odym radioamatorem z du\u017cym zamiarem poznawania \u015bwiata nauki i techniki, k\u0142ad\u0105c du\u017cy nacisk na technik\u0119. Wtedy mo\u017cna wiele zjawisk naukowych do\u015bwiadczy\u0107 oraz nacieszy\u0107 oko i ucho. Licencj\u0119 posiadam od 2017 roku poprzedzon\u0105 zaliczonym egzaminem kr\u00f3tkofalarskim. Trwaj\u0105 prace nad uruchomieniem si\u0119 na wielu pasmach kr\u00f3tkofalowych oraz poszerzeniem mo\u017cliwo\u015bci na ultrakr\u00f3tkich falach. To wszystko jest roz\u0142o\u017cone w czasie, aby nie kolidowa\u0142o si\u0119 z innymi obowi\u0105zkami.<\/p>\n","protected":false},"excerpt":{"rendered":"<p>Witam, tu SQ7FGT, operator stacji Kamil, QTH, czyli miejsce nadawania Rykoszyn &#8211; miejscowo\u015b\u0107 znajduj\u0105ca si\u0119 pod Kielcami w woj. \u015bwi\u0119tokrzyskim. Jestem m\u0142odym radioamatorem z du\u017cym zamiarem poznawania \u015bwiata nauki i techniki, k\u0142ad\u0105c du\u017cy nacisk na technik\u0119. Wtedy mo\u017cna wiele zjawisk naukowych do\u015bwiadczy\u0107 oraz nacieszy\u0107 oko i ucho. Licencj\u0119 posiadam od 2017 roku poprzedzon\u0105 zaliczonym egzaminem &hellip;<\/p>\n","protected":false},"author":1,"featured_media":31,"parent":0,"menu_order":0,"comment_status":"closed","ping_status":"closed","template":"","meta":{"footnotes":""},"_links":{"self":[{"href":"https:\/\/sq7fgt.pzk.pl\/index.php\/wp-json\/wp\/v2\/pages\/7"}],"collection":[{"href":"https:\/\/sq7fgt.pzk.pl\/index.php\/wp-json\/wp\/v2\/pages"}],"about":[{"href":"https:\/\/sq7fgt.pzk.pl\/index.php\/wp-json\/wp\/v2\/types\/page"}],"author":[{"embeddable":true,"href":"https:\/\/sq7fgt.pzk.pl\/index.php\/wp-json\/wp\/v2\/users\/1"}],"replies":[{"embeddable":true,"href":"https:\/\/sq7fgt.pzk.pl\/index.php\/wp-json\/wp\/v2\/comments?post=7"}],"version-history":[{"count":4,"href":"https:\/\/sq7fgt.pzk.pl\/index.php\/wp-json\/wp\/v2\/pages\/7\/revisions"}],"predecessor-version":[{"id":259,"href":"https:\/\/sq7fgt.pzk.pl\/index.php\/wp-json\/wp\/v2\/pages\/7\/revisions\/259"}],"wp:featuredmedia":[{"embeddable":true,"href":"https:\/\/sq7fgt.pzk.pl\/index.php\/wp-json\/wp\/v2\/media\/31"}],"wp:attachment":[{"href":"https:\/\/sq7fgt.pzk.pl\/index.php\/wp-json\/wp\/v2\/media?parent=7"}],"curies":[{"name":"wp","href":"https:\/\/api.w.org\/{rel}","templated":true}]}}