{"id":706,"date":"2022-07-07T21:32:36","date_gmt":"2022-07-07T19:32:36","guid":{"rendered":"https:\/\/sq7fgt.pzk.pl\/?page_id=706"},"modified":"2022-12-31T16:55:59","modified_gmt":"2022-12-31T15:55:59","slug":"5-lat-sq7fgt","status":"publish","type":"page","link":"https:\/\/sq7fgt.pzk.pl\/index.php\/5-lat-sq7fgt\/","title":{"rendered":"5 lat SQ7FGT"},"content":{"rendered":"\n<p><strong>Na tej stronie b\u0119dziemy wspomina\u0107 najlepsze rzeczy z pi\u0119ciolecia istnienia stacji SQ7FGT<\/strong><\/p>\n\n\n\n<p>Prolog &#8211; <a href=\"https:\/\/sq7fgt.pzk.pl\/index.php\/2022\/07\/07\/5-lat-sq7fgt-prolog\/\">Przed istnieniem stacji<\/a><\/p>\n\n\n\n<p>2017 &#8211; <a rel=\"noreferrer noopener\" href=\"https:\/\/sq7fgt.pzk.pl\/index.php\/2022\/07\/14\/5-lat-sq7fgt-2017\/\" data-type=\"URL\" data-id=\"https:\/\/sq7fgt.pzk.pl\/index.php\/2022\/07\/14\/5-lat-sq7fgt-2017\/\" target=\"_blank\">Czas pionierstwa<\/a><\/p>\n\n\n\n<p>2018 &#8211; <a rel=\"noreferrer noopener\" href=\"https:\/\/sq7fgt.pzk.pl\/index.php\/2022\/07\/21\/5-lat-sq7fgt-2018\/\" data-type=\"URL\" data-id=\"https:\/\/sq7fgt.pzk.pl\/index.php\/2022\/07\/21\/5-lat-sq7fgt-2018\/\" target=\"_blank\">Ekspansja na KF<\/a><\/p>\n\n\n\n<p>2019 &#8211; <a href=\"https:\/\/sq7fgt.pzk.pl\/index.php\/2022\/08\/22\/5-lat-sq7fgt-2019\/\" data-type=\"URL\" data-id=\"https:\/\/sq7fgt.pzk.pl\/index.php\/2022\/08\/22\/5-lat-sq7fgt-2019\/\">Ekspansja na UKF<\/a><\/p>\n\n\n\n<p>2020 &#8211; <a href=\"https:\/\/sq7fgt.pzk.pl\/index.php\/2022\/08\/25\/5-lat-sq7fgt-2020\/\" data-type=\"URL\" data-id=\"https:\/\/sq7fgt.pzk.pl\/index.php\/2022\/08\/25\/5-lat-sq7fgt-2020\/\" target=\"_blank\" rel=\"noreferrer noopener\">Apogeum kr\u00f3tkofalarstwa<\/a><\/p>\n\n\n\n<p>2021 &#8211; <a href=\"https:\/\/sq7fgt.pzk.pl\/index.php\/2022\/09\/02\/5-lat-sq7fgt-2021\/\" data-type=\"URL\" data-id=\"https:\/\/sq7fgt.pzk.pl\/index.php\/2022\/09\/02\/5-lat-sq7fgt-2021\/\">Pocz\u0105tek przebudowy<\/a><\/p>\n\n\n\n<p>2022 &#8211; <a href=\"https:\/\/sq7fgt.pzk.pl\/index.php\/2022\/12\/31\/5-lat-sq7fgt-2022\/\" data-type=\"URL\" data-id=\"https:\/\/sq7fgt.pzk.pl\/index.php\/2022\/12\/31\/5-lat-sq7fgt-2022\/\" target=\"_blank\" rel=\"noreferrer noopener\">Co dalej z hobby?<\/a><\/p>\n","protected":false},"excerpt":{"rendered":"<p>Na tej stronie b\u0119dziemy wspomina\u0107 najlepsze rzeczy z pi\u0119ciolecia istnienia stacji SQ7FGT Prolog &#8211; Przed istnieniem stacji 2017 &#8211; Czas pionierstwa 2018 &#8211; Ekspansja na KF 2019 &#8211; Ekspansja na UKF 2020 &#8211; Apogeum kr\u00f3tkofalarstwa 2021 &#8211; Pocz\u0105tek przebudowy 2022 &#8211; Co dalej z hobby?<\/p>\n","protected":false},"author":1,"featured_media":0,"parent":0,"menu_order":0,"comment_status":"closed","ping_status":"closed","template":"","meta":{"footnotes":""},"_links":{"self":[{"href":"https:\/\/sq7fgt.pzk.pl\/index.php\/wp-json\/wp\/v2\/pages\/706"}],"collection":[{"href":"https:\/\/sq7fgt.pzk.pl\/index.php\/wp-json\/wp\/v2\/pages"}],"about":[{"href":"https:\/\/sq7fgt.pzk.pl\/index.php\/wp-json\/wp\/v2\/types\/page"}],"author":[{"embeddable":true,"href":"https:\/\/sq7fgt.pzk.pl\/index.php\/wp-json\/wp\/v2\/users\/1"}],"replies":[{"embeddable":true,"href":"https:\/\/sq7fgt.pzk.pl\/index.php\/wp-json\/wp\/v2\/comments?post=706"}],"version-history":[{"count":9,"href":"https:\/\/sq7fgt.pzk.pl\/index.php\/wp-json\/wp\/v2\/pages\/706\/revisions"}],"predecessor-version":[{"id":751,"href":"https:\/\/sq7fgt.pzk.pl\/index.php\/wp-json\/wp\/v2\/pages\/706\/revisions\/751"}],"wp:attachment":[{"href":"https:\/\/sq7fgt.pzk.pl\/index.php\/wp-json\/wp\/v2\/media?parent=706"}],"curies":[{"name":"wp","href":"https:\/\/api.w.org\/{rel}","templated":true}]}}