{"id":8,"date":"2018-08-20T22:20:17","date_gmt":"2018-08-20T20:20:17","guid":{"rendered":"http:\/\/sq7fgt.pzk.pl\/?page_id=8"},"modified":"2018-09-12T19:58:13","modified_gmt":"2018-09-12T17:58:13","slug":"kontakt","status":"publish","type":"page","link":"https:\/\/sq7fgt.pzk.pl\/index.php\/kontakt\/","title":{"rendered":"Kontakt"},"content":{"rendered":"<p>Adres stacji:<strong> Rykoszyn, ul. Gajowa 5<\/strong><\/p>\n<p><strong>26-065 Piekosz\u00f3w<\/strong><\/p>\n<p><strong>(woj. \u015bwi\u0119tokrzyskie)<\/strong><\/p>\n<p>Telefon:<strong> 662-311-617<\/strong><\/p>\n<p>e-mail:<strong> sq7fgt@pzk.pl<\/strong><\/p>\n<p>Ju\u017c nied\u0142ugo zostanie uruchomiona podobna strona w j\u0119zyku angielskim<\/p>\n","protected":false},"excerpt":{"rendered":"<p>Adres stacji: Rykoszyn, ul. Gajowa 5 26-065 Piekosz\u00f3w (woj. \u015bwi\u0119tokrzyskie) Telefon: 662-311-617 e-mail: sq7fgt@pzk.pl Ju\u017c nied\u0142ugo zostanie uruchomiona podobna strona w j\u0119zyku angielskim<\/p>\n","protected":false},"author":1,"featured_media":0,"parent":0,"menu_order":0,"comment_status":"closed","ping_status":"closed","template":"","meta":{"footnotes":""},"_links":{"self":[{"href":"https:\/\/sq7fgt.pzk.pl\/index.php\/wp-json\/wp\/v2\/pages\/8"}],"collection":[{"href":"https:\/\/sq7fgt.pzk.pl\/index.php\/wp-json\/wp\/v2\/pages"}],"about":[{"href":"https:\/\/sq7fgt.pzk.pl\/index.php\/wp-json\/wp\/v2\/types\/page"}],"author":[{"embeddable":true,"href":"https:\/\/sq7fgt.pzk.pl\/index.php\/wp-json\/wp\/v2\/users\/1"}],"replies":[{"embeddable":true,"href":"https:\/\/sq7fgt.pzk.pl\/index.php\/wp-json\/wp\/v2\/comments?post=8"}],"version-history":[{"count":3,"href":"https:\/\/sq7fgt.pzk.pl\/index.php\/wp-json\/wp\/v2\/pages\/8\/revisions"}],"predecessor-version":[{"id":107,"href":"https:\/\/sq7fgt.pzk.pl\/index.php\/wp-json\/wp\/v2\/pages\/8\/revisions\/107"}],"wp:attachment":[{"href":"https:\/\/sq7fgt.pzk.pl\/index.php\/wp-json\/wp\/v2\/media?parent=8"}],"curies":[{"name":"wp","href":"https:\/\/api.w.org\/{rel}","templated":true}]}}